{"id":5381,"date":"2025-05-19T12:59:49","date_gmt":"2025-05-19T11:59:49","guid":{"rendered":"https:\/\/saludglobal.umh.es\/?page_id=5381"},"modified":"2025-05-19T13:12:58","modified_gmt":"2025-05-19T12:12:58","slug":"esproyectoscaprojectesenprojects","status":"publish","type":"page","link":"https:\/\/saludglobal.umh.es\/ca\/esproyectoscaprojectesenprojects\/","title":{"rendered":"Projectes"},"content":{"rendered":"<p>[et_pb_section fb_built=&#8221;1&#8243; admin_label=&#8221;section&#8221; _builder_version=&#8221;4.16&#8243; global_colors_info=&#8221;{}&#8221;][et_pb_row disabled_on=&#8221;off|off|off&#8221; admin_label=&#8221;row&#8221; _builder_version=&#8221;4.16&#8243; background_size=&#8221;initial&#8221; background_position=&#8221;top_left&#8221; background_repeat=&#8221;repeat&#8221; global_colors_info=&#8221;{}&#8221;][et_pb_column type=&#8221;4_4&#8243; _builder_version=&#8221;4.16&#8243; custom_padding=&#8221;|||&#8221; global_colors_info=&#8221;{}&#8221; custom_padding__hover=&#8221;|||&#8221;][et_pb_text disabled_on=&#8221;off|off|off&#8221; _builder_version=&#8221;4.16&#8243; _dynamic_attributes=&#8221;content&#8221; text_font=&#8221;|700|||||||&#8221; text_font_size=&#8221;38px&#8221; global_colors_info=&#8221;{}&#8221;]@ET-DC@eyJkeW5hbWljIjp0cnVlLCJjb250ZW50IjoicG9zdF90aXRsZSIsInNldHRpbmdzIjp7ImJlZm9yZSI6IiIsImFmdGVyIjoiIn19@[\/et_pb_text][\/et_pb_column][\/et_pb_row][et_pb_row _builder_version=&#8221;4.17.4&#8243; _module_preset=&#8221;default&#8221; global_colors_info=&#8221;{}&#8221;][et_pb_column type=&#8221;4_4&#8243; _builder_version=&#8221;4.17.4&#8243; _module_preset=&#8221;default&#8221; global_colors_info=&#8221;{}&#8221;][et_pb_text disabled_on=&#8221;off|off|off&#8221; _builder_version=&#8221;4.17.4&#8243; _module_preset=&#8221;default&#8221; custom_padding=&#8221;||0px|||&#8221; global_colors_info=&#8221;{}&#8221;]Cancer Literacy Education and Awareness Resources for Prostate Care.<\/p>\n<p><a href=\"https:\/\/saludglobal.umh.es\/en\/proyectos\/impacto-del-cambio-de-apariencia-de-los-antineoplasicos-orales-en-la-adherencia-y-continuidad-del-tratamiento\/\">Impacto del cambio de apariencia de los Antineopl\u00e1sicos Orales en la adherencia y continuidad del tratamiento, los resultados en salud reportados por el paciente y su experiencia con la atenci\u00f3n sanitaria<\/a>.<\/p>\n<p style=\"text-align: justify;\"><a href=\"https:\/\/saludglobal.umh.es\/2024\/03\/04\/cocreating-action-to-improve-rationality-in-the-health-system-cair\/\">Cocreating Action to Improve Rationality in the health system (CAIR).<\/a><\/p>\n<p style=\"text-align: justify;\"><a href=\"https:\/\/saludglobal.umh.es\/2024\/03\/04\/diseno-e-implementacion-de-estrategias-cocreadas-con-la-participacion-de-ciudadania\/\">Dise\u00f1o e implementaci\u00f3n de estrategias cocreadas con la participaci\u00f3n de ciudadan\u00eda, equipos de atenci\u00f3n primaria y representantes sociales para la mejora del abordaje de la equidad en salud en la Atenci\u00f3n Primaria en el Departamento de Salud de Elche.<\/a><\/p>\n<p style=\"text-align: justify;\"><a href=\"https:\/\/saludglobal.umh.es\/the-impact-of-covid-19-pandemic-and-their-restrictions-on-the-chronification-of-benzodiazepine-use\/\">The impact of COVID-19 pandemic and their restrictions on the chronification of benzodiazepine use.<\/a><\/p>\n<p style=\"text-align: justify;\"><a href=\"https:\/\/saludglobal.umh.es\/proyectos\/cocreacion-de-politicas-de-salud-publica-desde-la-perspectiva-de-equidad\/\">Cocreaci\u00f3n de pol\u00edticas de salud p\u00fablica desde la perspectiva de equidad.<\/a><\/p>\n<p style=\"text-align: justify;\"><a href=\"https:\/\/saludglobal.umh.es\/proyectos\/promocion-de-la-toma-de-decisiones-compartidas-en-cribado-oportunista-en-cancer-de-prostata\/\">Promoci\u00f3n de la toma de decisiones compartidas en cribado oportunista en c\u00e1ncer de pr\u00f3stata (PI20\/01334).<\/a><\/p>\n<p style=\"text-align: justify;\"><a href=\"https:\/\/saludglobal.umh.es\/proyectos\/estudio-de-la-adecuacion-de-las-peticiones-del-antigeno-prostatico-serico-psa-factores-asociados-a-la-presencia-de-falsos-negativos-y-positivos-e-impacto-en-la-salud-del-paciente-pi17-01\/\">Estudio de la adecuaci\u00f3n de las peticiones del ant\u00edgeno prost\u00e1tico s\u00e9rico\u00a0(PSA), factores asociados a la presencia de falsos negativos y positivos e\u00a0impacto en la salud del paciente (PI17\/01883).<\/a><\/p>\n<p style=\"text-align: justify;\"><a href=\"https:\/\/saludglobal.umh.es\/proyectos\/validacion-de-un-modelo-predictivo-de-malignidad-de-un-nodulo-pulmonar-solitario-y-supervivencia-tras-cinco-anos-de-seguimiento-pi18-00258\/\">Validaci\u00f3n de un modelo predictivo de malignidad de\u00a0 un n\u00f3dulo pulmonar solitario y supervivencia tras cinco a\u00f1os de seguimiento (PI18\/00258).<\/a><\/p>\n<p style=\"text-align: justify;\"><a href=\"https:\/\/saludglobal.umh.es\/proyectos\/284-2\/\">Promoci\u00f3n de la salud cardiovascular en el distrito rural de Chokwe, Mozambique, a trav\u00e9s del empoderamiento de las mujeres.<\/a><\/p>\n<p style=\"text-align: justify;\"><a href=\"https:\/\/saludglobal.umh.es\/proyectos\/desarrollo-de-un-modelo-predictivo-de-adherencia-y-persistencia-al-tratamiento-con-inhaladores-en-pacientes-diagnosticados-de-asma-y-epoc-usuarios-de-farmacias-comunitarias-de-alicante-proyecto-preda\/\">Desarrollo de un modelo predictivo de adherencia y persistencia al tratamiento con inhaladores en pacientes diagnosticados de asma y EPOC usuarios de farmacias comunitarias de Alicante: Proyecto PREDAPER-EPOC.<\/a><\/p>\n<p style=\"text-align: justify;\"><a href=\"https:\/\/saludglobal.umh.es\/proyectos\/contextualizing-evidence-far-action-on-diabetes-in-low-resource-settings-a-mixed-methods-case-study-in-quito-and-esmeraldas-ecuador-ceadh2020-erc-2018-stg-804761-cead\/\">Contextualizaci\u00f3n de la Evidencia para la Acci\u00f3n en Diabetes en entornos con bajos recursos: Un estudio utilizando m\u00e9todos mixtos en Quito y Esmeraldas, Ecuador. Estudio CEAD (H2020 \u2013 ERC-2018-STG 804761 \u2013 CEAD).<\/a><\/p>\n<p style=\"text-align: justify;\"><a href=\"https:\/\/internacional.umh.es\/2022\/05\/05\/un-proyecto-de-la-umh-proporciona-herramientas-para-promover-la-calidad-de-vida-de-personas-con-discapacidad-en-ecuador\/\">Provisi\u00f3n de herramientas para la orientaci\u00f3n y la potenciaci\u00f3n de la calidad de vida de personas con discapacidad en Ecuador.<\/a><\/p>\n<p style=\"text-align: justify;\"><a href=\"https:\/\/saludglobal.umh.es\/2024\/03\/04\/control-de-lepra-en-areas-de-desigualdad-social-en-argentina-el-caso-de-la-triple-frontera-entre-brasil-paraguay-y-argentina\/\">Control de lepra en \u00e1reas de desigualdad social en Argentina: El caso de la triple frontera entre Brasil, Paraguay y Argentina.<\/a><\/p>\n<p style=\"text-align: justify;\"><a href=\"https:\/\/saludglobal.umh.es\/2024\/03\/04\/implementacion-del-diagnostico-molecular-de-la-eschistosomosis-en-el-hospital-universitario-fann-de-dakar\/\">Implementaci\u00f3n del diagn\u00f3stico molecular de la eschistosomosis en el Hospital Universitario Fann de Dakar, Senegal.<\/a><\/p>\n<p style=\"text-align: justify;\"><a href=\"https:\/\/saludglobal.umh.es\/2024\/03\/04\/fortalecimiento-del-laboratorio-del-hospital-de-chilakalapalli-andhra-pradesh-para-la-mejora-del-diagnostico-de-lepra-y-otras-enfermedades-tropicales-desatendidas-en-india\/\">Fortalecimiento del laboratorio del Hospital de Chilakalapalli (Andhra Pradesh) para la mejora del diagn\u00f3stico de lepra y otras enfermedades tropicales desatendidas en India.<\/a><\/p>\n<p>[\/et_pb_text][\/et_pb_column][\/et_pb_row][\/et_pb_section]<\/p>\n","protected":false},"excerpt":{"rendered":"<p>Cancer Literacy Education and Awareness Resources for Prostate Care. Impacto del cambio de apariencia de los Antineopl\u00e1sicos Orales en la adherencia y continuidad del tratamiento, los resultados en salud reportados por el paciente y su experiencia con la atenci\u00f3n sanitaria. Cocreating Action to Improve Rationality in the health system (CAIR). Dise\u00f1o e implementaci\u00f3n de estrategias [&hellip;]<\/p>\n","protected":false},"author":3158,"featured_media":0,"parent":0,"menu_order":0,"comment_status":"closed","ping_status":"closed","template":"","meta":{"_et_pb_use_builder":"on","_et_pb_old_content":"<p>[et_pb_section fb_built=\"1\" admin_label=\"section\" _builder_version=\"4.16\" global_colors_info=\"{}\"][et_pb_row disabled_on=\"off|off|off\" admin_label=\"row\" _builder_version=\"4.16\" background_size=\"initial\" background_position=\"top_left\" background_repeat=\"repeat\" global_colors_info=\"{}\"][et_pb_column type=\"4_4\" _builder_version=\"4.16\" custom_padding=\"|||\" global_colors_info=\"{}\" custom_padding__hover=\"|||\"][et_pb_text disabled_on=\"off|off|off\" _builder_version=\"4.16\" _dynamic_attributes=\"content\" text_font=\"|700|||||||\" text_font_size=\"38px\" global_colors_info=\"{}\"]@ET-DC@eyJkeW5hbWljIjp0cnVlLCJjb250ZW50IjoicG9zdF90aXRsZSIsInNldHRpbmdzIjp7ImJlZm9yZSI6IiIsImFmdGVyIjoiIn19@[\/et_pb_text][\/et_pb_column][\/et_pb_row][et_pb_row _builder_version=\"4.17.4\" _module_preset=\"default\" global_colors_info=\"{}\"][et_pb_column type=\"4_4\" _builder_version=\"4.17.4\" _module_preset=\"default\" global_colors_info=\"{}\"][et_pb_text disabled_on=\"off|off|off\" _builder_version=\"4.17.4\" _module_preset=\"default\" custom_padding=\"||0px|||\" hover_enabled=\"0\" global_colors_info=\"{}\" sticky_enabled=\"0\"]<\/p><p>Cancer Literacy Education and Awareness Resources for Prostate Care.<\/p><p><a href=\"https:\/\/saludglobal.umh.es\/en\/proyectos\/impacto-del-cambio-de-apariencia-de-los-antineoplasicos-orales-en-la-adherencia-y-continuidad-del-tratamiento\/\">Impacto del cambio de apariencia de los Antineopl\u00e1sicos Orales en la adherencia y continuidad del tratamiento, los resultados en salud reportados por el paciente y su experiencia con la atenci\u00f3n sanitaria<\/a>.<\/p><p style=\"text-align: justify;\"><a href=\"https:\/\/saludglobal.umh.es\/2024\/03\/04\/cocreating-action-to-improve-rationality-in-the-health-system-cair\/\">Cocreating Action to Improve Rationality in the health system (CAIR).<\/a><\/p><p style=\"text-align: justify;\"><a href=\"https:\/\/saludglobal.umh.es\/2024\/03\/04\/diseno-e-implementacion-de-estrategias-cocreadas-con-la-participacion-de-ciudadania\/\">Dise\u00f1o e implementaci\u00f3n de estrategias cocreadas con la participaci\u00f3n de ciudadan\u00eda, equipos de atenci\u00f3n primaria y representantes sociales para la mejora del abordaje de la equidad en salud en la Atenci\u00f3n Primaria en el Departamento de Salud de Elche.<\/a><\/p><p style=\"text-align: justify;\"><a href=\"https:\/\/saludglobal.umh.es\/the-impact-of-covid-19-pandemic-and-their-restrictions-on-the-chronification-of-benzodiazepine-use\/\">The impact of COVID-19 pandemic and their restrictions on the chronification of benzodiazepine use.<\/a><\/p><p style=\"text-align: justify;\"><a href=\"https:\/\/saludglobal.umh.es\/proyectos\/cocreacion-de-politicas-de-salud-publica-desde-la-perspectiva-de-equidad\/\">Cocreaci\u00f3n de pol\u00edticas de salud p\u00fablica desde la perspectiva de equidad.<\/a><\/p><p style=\"text-align: justify;\"><a href=\"https:\/\/saludglobal.umh.es\/proyectos\/promocion-de-la-toma-de-decisiones-compartidas-en-cribado-oportunista-en-cancer-de-prostata\/\">Promoci\u00f3n de la toma de decisiones compartidas en cribado oportunista en c\u00e1ncer de pr\u00f3stata (PI20\/01334).<\/a><\/p><p style=\"text-align: justify;\"><a href=\"https:\/\/saludglobal.umh.es\/proyectos\/estudio-de-la-adecuacion-de-las-peticiones-del-antigeno-prostatico-serico-psa-factores-asociados-a-la-presencia-de-falsos-negativos-y-positivos-e-impacto-en-la-salud-del-paciente-pi17-01\/\">Estudio de la adecuaci\u00f3n de las peticiones del ant\u00edgeno prost\u00e1tico s\u00e9rico\u00a0(PSA), factores asociados a la presencia de falsos negativos y positivos e\u00a0impacto en la salud del paciente (PI17\/01883).<\/a><\/p><p style=\"text-align: justify;\"><a href=\"https:\/\/saludglobal.umh.es\/proyectos\/validacion-de-un-modelo-predictivo-de-malignidad-de-un-nodulo-pulmonar-solitario-y-supervivencia-tras-cinco-anos-de-seguimiento-pi18-00258\/\">Validaci\u00f3n de un modelo predictivo de malignidad de\u00a0 un n\u00f3dulo pulmonar solitario y supervivencia tras cinco a\u00f1os de seguimiento (PI18\/00258).<\/a><\/p><p style=\"text-align: justify;\"><a href=\"https:\/\/saludglobal.umh.es\/proyectos\/284-2\/\">Promoci\u00f3n de la salud cardiovascular en el distrito rural de Chokwe, Mozambique, a trav\u00e9s del empoderamiento de las mujeres.<\/a><\/p><p style=\"text-align: justify;\"><a href=\"https:\/\/saludglobal.umh.es\/proyectos\/desarrollo-de-un-modelo-predictivo-de-adherencia-y-persistencia-al-tratamiento-con-inhaladores-en-pacientes-diagnosticados-de-asma-y-epoc-usuarios-de-farmacias-comunitarias-de-alicante-proyecto-preda\/\">Desarrollo de un modelo predictivo de adherencia y persistencia al tratamiento con inhaladores en pacientes diagnosticados de asma y EPOC usuarios de farmacias comunitarias de Alicante: Proyecto PREDAPER-EPOC.<\/a><\/p><p style=\"text-align: justify;\"><a href=\"https:\/\/saludglobal.umh.es\/proyectos\/contextualizing-evidence-far-action-on-diabetes-in-low-resource-settings-a-mixed-methods-case-study-in-quito-and-esmeraldas-ecuador-ceadh2020-erc-2018-stg-804761-cead\/\">Contextualizaci\u00f3n de la Evidencia para la Acci\u00f3n en Diabetes en entornos con bajos recursos: Un estudio utilizando m\u00e9todos mixtos en Quito y Esmeraldas, Ecuador. Estudio CEAD (H2020 \u2013 ERC-2018-STG 804761 \u2013 CEAD).<\/a><\/p><p style=\"text-align: justify;\"><a href=\"https:\/\/internacional.umh.es\/2022\/05\/05\/un-proyecto-de-la-umh-proporciona-herramientas-para-promover-la-calidad-de-vida-de-personas-con-discapacidad-en-ecuador\/\">Provisi\u00f3n de herramientas para la orientaci\u00f3n y la potenciaci\u00f3n de la calidad de vida de personas con discapacidad en Ecuador.<\/a><\/p><p style=\"text-align: justify;\"><a href=\"https:\/\/saludglobal.umh.es\/2024\/03\/04\/control-de-lepra-en-areas-de-desigualdad-social-en-argentina-el-caso-de-la-triple-frontera-entre-brasil-paraguay-y-argentina\/\">Control de lepra en \u00e1reas de desigualdad social en Argentina: El caso de la triple frontera entre Brasil, Paraguay y Argentina.<\/a><\/p><p style=\"text-align: justify;\"><a href=\"https:\/\/saludglobal.umh.es\/2024\/03\/04\/implementacion-del-diagnostico-molecular-de-la-eschistosomosis-en-el-hospital-universitario-fann-de-dakar\/\">Implementaci\u00f3n del diagn\u00f3stico molecular de la eschistosomosis en el Hospital Universitario Fann de Dakar, Senegal.<\/a><\/p><p style=\"text-align: justify;\"><a href=\"https:\/\/saludglobal.umh.es\/2024\/03\/04\/fortalecimiento-del-laboratorio-del-hospital-de-chilakalapalli-andhra-pradesh-para-la-mejora-del-diagnostico-de-lepra-y-otras-enfermedades-tropicales-desatendidas-en-india\/\">Fortalecimiento del laboratorio del Hospital de Chilakalapalli (Andhra Pradesh) para la mejora del diagn\u00f3stico de lepra y otras enfermedades tropicales desatendidas en India.<\/a><\/p><p>[\/et_pb_text][\/et_pb_column][\/et_pb_row][\/et_pb_section]<\/p>","_et_gb_content_width":"","_links_to":"","_links_to_target":""},"_links":{"self":[{"href":"https:\/\/saludglobal.umh.es\/ca\/wp-json\/wp\/v2\/pages\/5381"}],"collection":[{"href":"https:\/\/saludglobal.umh.es\/ca\/wp-json\/wp\/v2\/pages"}],"about":[{"href":"https:\/\/saludglobal.umh.es\/ca\/wp-json\/wp\/v2\/types\/page"}],"author":[{"embeddable":true,"href":"https:\/\/saludglobal.umh.es\/ca\/wp-json\/wp\/v2\/users\/3158"}],"replies":[{"embeddable":true,"href":"https:\/\/saludglobal.umh.es\/ca\/wp-json\/wp\/v2\/comments?post=5381"}],"version-history":[{"count":0,"href":"https:\/\/saludglobal.umh.es\/ca\/wp-json\/wp\/v2\/pages\/5381\/revisions"}],"wp:attachment":[{"href":"https:\/\/saludglobal.umh.es\/ca\/wp-json\/wp\/v2\/media?parent=5381"}],"curies":[{"name":"wp","href":"https:\/\/api.w.org\/{rel}","templated":true}]}}