{"id":6562,"date":"2022-05-12T09:27:01","date_gmt":"2022-05-12T08:27:01","guid":{"rendered":"https:\/\/saludglobal.umh.es\/convocatorias\/"},"modified":"2025-09-15T08:44:35","modified_gmt":"2025-09-15T07:44:35","slug":"convocatorias","status":"publish","type":"page","link":"https:\/\/saludglobal.umh.es\/en\/convocatorias\/","title":{"rendered":"Openings"},"content":{"rendered":"<p>[et_pb_section fb_built=&#8221;1&#8243; admin_label=&#8221;section&#8221; _builder_version=&#8221;4.16&#8243; global_colors_info=&#8221;{}&#8221;][et_pb_row disabled_on=&#8221;off|off|off&#8221; admin_label=&#8221;row&#8221; _builder_version=&#8221;4.16&#8243; background_size=&#8221;initial&#8221; background_position=&#8221;top_left&#8221; background_repeat=&#8221;repeat&#8221; global_colors_info=&#8221;{}&#8221;][et_pb_column type=&#8221;4_4&#8243; _builder_version=&#8221;4.16&#8243; custom_padding=&#8221;|||&#8221; global_colors_info=&#8221;{}&#8221; custom_padding__hover=&#8221;|||&#8221;][et_pb_text disabled_on=&#8221;off|off|off&#8221; _builder_version=&#8221;4.16&#8243; _dynamic_attributes=&#8221;content&#8221; text_font=&#8221;|700|||||||&#8221; text_font_size=&#8221;38px&#8221; global_colors_info=&#8221;{}&#8221;]@ET-DC@eyJkeW5hbWljIjp0cnVlLCJjb250ZW50IjoicG9zdF90aXRsZSIsInNldHRpbmdzIjp7ImJlZm9yZSI6IiIsImFmdGVyIjoiIn19@[\/et_pb_text][\/et_pb_column][\/et_pb_row][et_pb_row _builder_version=&#8221;4.17.4&#8243; _module_preset=&#8221;default&#8221; global_colors_info=&#8221;{}&#8221;][et_pb_column type=&#8221;4_4&#8243; _builder_version=&#8221;4.17.4&#8243; _module_preset=&#8221;default&#8221; global_colors_info=&#8221;{}&#8221;][et_pb_text disabled_on=&#8221;off|off|off&#8221; _builder_version=&#8221;4.17.4&#8243; _module_preset=&#8221;default&#8221; custom_padding=&#8221;||0px|||&#8221; hover_enabled=&#8221;0&#8243; global_colors_info=&#8221;{}&#8221; sticky_enabled=&#8221;0&#8243;][\/et_pb_text][\/et_pb_column][\/et_pb_row][et_pb_row _builder_version=&#8221;4.17.4&#8243; _module_preset=&#8221;default&#8221; global_colors_info=&#8221;{}&#8221;][et_pb_column type=&#8221;4_4&#8243; _builder_version=&#8221;4.17.4&#8243; _module_preset=&#8221;default&#8221; global_colors_info=&#8221;{}&#8221;][et_pb_divider _builder_version=&#8221;4.17.4&#8243; _module_preset=&#8221;default&#8221; global_colors_info=&#8221;{}&#8221;][\/et_pb_divider][\/et_pb_column][\/et_pb_row][et_pb_row _builder_version=&#8221;4.17.4&#8243; _module_preset=&#8221;default&#8221; global_colors_info=&#8221;{}&#8221;][et_pb_column type=&#8221;4_4&#8243; _builder_version=&#8221;4.17.4&#8243; _module_preset=&#8221;default&#8221; global_colors_info=&#8221;{}&#8221;][et_pb_text disabled_on=&#8221;off|off|off&#8221; _builder_version=&#8221;4.17.4&#8243; _module_preset=&#8221;default&#8221; custom_padding=&#8221;||0px|||&#8221; global_colors_info=&#8221;{}&#8221;][\/et_pb_text][\/et_pb_column][\/et_pb_row][\/et_pb_section]<\/p>\n","protected":false},"excerpt":{"rendered":"","protected":false},"author":3804,"featured_media":0,"parent":0,"menu_order":0,"comment_status":"closed","ping_status":"closed","template":"","meta":{"_et_pb_use_builder":"on","_et_pb_old_content":"[:es]<strong>2024<\/strong>\r\n<ul>\r\n \t<li>Jornadas Cient\u00edficas Internacionales CEAD. Del 18 al 20 de noviembre. <a href=\"https:\/\/saludglobal.umh.es\/files\/2025\/01\/20211118-programa-Fin-CEAD-fontilles_WEB-11.41.21-1.pdf\">Programa<\/a><\/li>\r\n \t<li style=\"text-align: justify\"><a href=\"https:\/\/evsp.cime.es\/\">XXXV Escuela de Salud P\u00fablica de Menorca<\/a>. Del 18 al 25 de septiembre.<\/li>\r\n \t<li style=\"text-align: justify\">XLII Reuni\u00f3n Anual de la <a href=\"https:\/\/seepidemiologia.es\/\">Sociedad Espa\u00f1ola de Epidemiolog\u00eda (SEE)<\/a> y XIX Congresso da <a href=\"https:\/\/www.ape.org.pt\/\">Associa\u00e7\u00e3o Portuguesa de Epidemiologia<\/a> (APE). Del 10 al 13 de septiembre. C\u00e1diz. <a href=\"https:\/\/www.reunionanualsee.org\/index.php?go=inicio\">Programa.<\/a><\/li>\r\n<\/ul>\r\n<section data-type=\"component-tiny-text-ua\"><\/section>\r\n<p style=\"text-align: justify\"><strong>2023<\/strong><\/p>\r\n\r\n<section data-type=\"component-tiny-text-ua\">\r\n<ul>\r\n \t<li><a href=\"https:\/\/sri.ua.es\/es\/cooperacion\/unitardor\/ua2023.html\">Universidad de Oto\u00f1o. \"Retos ante el <\/a><a href=\"https:\/\/sri.ua.es\/es\/cooperacion\/unitardor\/ua2023.html\">nuevo<\/a><a href=\"https:\/\/sri.ua.es\/es\/cooperacion\/unitardor\/ua2023.html\"> ciclo de la cooperaci\u00f3n al Desarrollo. Respuestas a desaf\u00edos globales m\u00e1s complejos\"<\/a>. Del 21 al 22 de noviembre<strong><strong>.<\/strong><\/strong><\/li>\r\n \t<li><a href=\"https:\/\/www.cnemcongress.com\/\">Congreso Nacional de Estudiantes de Medicina<\/a>. Del 25 al 27 de octubre.<\/li>\r\n \t<li>XXXIX <a href=\"https:\/\/calidadasistencial.es\/congreso-seca-2023\/\">Congreso SECA Sociedad Espa\u00f1ola de Calidad Asistencial<\/a>. Del 25 al 27 de octubre.<\/li>\r\n \t<li><a href=\"http:\/\/www.portuigualdad.com\/2023\/10\/11\/xxii-jornadas-de-igualdad-portugalete-2023\/\">XXII Jornadas de Igualdad de Portugalete 2023.<\/a> Del 3 al 4 de noviembre. <a href=\"https:\/\/saludglobal.umh.es\/files\/2023\/10\/Definitivo_Di\u0301ptico_XXII-Jornadas-de-igualdad-Portugalete_2.pdf\">Programa <\/a><\/li>\r\n \t<li><a href=\"https:\/\/evsp.cime.es\/\">XXXIV Escuela de Salud P\u00fablica de Menorca<\/a>. Del 19 al 27 de septiembre. <a href=\"https:\/\/evsp.cime.es\/WebEditor\/Pagines\/file\/Programa%20EMSP%202023%20rd_.pdf\">Programa<\/a><\/li>\r\n \t<li>XL Reuni\u00f3n Anual de la <a href=\"https:\/\/seepidemiologia.es\/\">Sociedad Espa\u00f1ola de Epidemiolog\u00eda (SEE)<\/a> y XVII Congresso da <a href=\"https:\/\/www.ape.org.pt\/\">Associa\u00e7\u00e3o Portuguesa de Epidemiologia<\/a> (APE). Oporto. Del 5 al 8 de septiembre.\u00a0<a href=\"https:\/\/www.reunionanualsee.org\/documentos\/Programa_Preliminar_Epi23.pdf\">Programa<\/a>.<\/li>\r\n \t<li><a href=\"https:\/\/jornadascooperacion.umh.es\/\">Jornadas de Cooperaci\u00f3n al Desarrollo y Salud UMH. <\/a>2023<\/li>\r\n \t<li><a href=\"https:\/\/mastercooperacion.umh.es\/\">Jornadas del M\u00e1ster Interuniversitario en Cooperaci\u00f3n al Desarrollo UMH<\/a>. Sanatorio de Fontilles.<\/li>\r\n<\/ul>\r\n<\/section>\r\n<ol style=\"text-align: justify\">\r\n \t<li><a href=\"https:\/\/mastercooperacion.umh.es\/etica-metrica-y-estrategias-para-la-equidad-sostenible-en-la-salud\/\">\u00c9tica, M\u00e9trica y Estrategias para la Equidad Sostenible en la Salud.\u00a0 <\/a>Del 21 al 23 de abril del 2023.<\/li>\r\n \t<li><a href=\"https:\/\/mastercooperacion.umh.es\/jornada-salud-comunitaria-y-metodologia-participativas\/\">Salud Comunitaria y Metodolog\u00edas Participativas. <\/a>Del 24 al 26 de marzo de 2023<\/li>\r\n \t<li><a href=\"https:\/\/mastercooperacion.umh.es\/jornada-respuesta-sanitaria-inmediata-a-situaciones-de-emergencia-y-desastre\/\">Respuesta Sanitaria Inmediata a Situaciones de Emergencia y Desastre. <\/a>Del 19 al 21 de mayo de 2023.<\/li>\r\n<\/ol>\r\n<p style=\"text-align: justify\"><strong>2022.<\/strong><\/p>\r\n\r\n<ul>\r\n \t<li style=\"text-align: justify\"><a href=\"https:\/\/www.grupotordesillas.net\/encuentros\/xxi-encuentro-de-rectores\/\">XXI Encuentro de Rectores<\/a>\u200b. Grupo Tordesillas. <a href=\"https:\/\/www.dropbox.com\/s\/qlkscolqcw9m1d2\/ESP%20PROGRAMA%20TORDESILLAS.pdf?dl=0\">Programa.<\/a> 2022.<\/li>\r\n \t<li style=\"text-align: justify\"><a href=\"https:\/\/esdeveniments.uv.es\/88949\/detail\/vi-universitat-de-tardor.html\">VI Universitat de Tardor.<\/a> 3 y 4 de noviembre. <a href=\"https:\/\/esdeveniments.uv.es\/88949\/programme\/vi-universitat-de-tardor.html\">Programa<\/a><a href=\"https:\/\/esdeveniments.uv.es\/88949\/detail\/vi-universitat-de-tardor.html\">.<\/a><\/li>\r\n \t<li style=\"text-align: justify\"><a href=\"https:\/\/evsp.cime.es\/\">XXXIII Escuela de Salud P\u00fablica de Menorca<\/a>. Del 19 al 28 de septiembre. <a href=\"https:\/\/evsp.cime.es\/WebEditor\/Pagines\/file\/IME%20EMSP%202022%20programa.pdf\">Programa.<\/a><\/li>\r\n \t<li style=\"text-align: justify\">XL Reuni\u00f3n Anual de la <a href=\"https:\/\/seepidemiologia.es\/\">Sociedad Espa\u00f1ola de Epidemiolog\u00eda (SEE)<\/a> y XVII Congresso da <a href=\"https:\/\/www.ape.org.pt\/\">Associa\u00e7\u00e3o Portuguesa de Epidemiologia<\/a> (APE). San Sebasti\u00e1n. 30 y 31 de agosto. 1 y 2 de septiembre. <a href=\"https:\/\/www.reunionanualsee.org\/index.php?go=inicio\">Programa.<\/a><\/li>\r\n \t<li style=\"text-align: justify\">Jornadas Anuales 2022 de la <a href=\"https:\/\/www.farupeib.com\/\">Asociaci\u00f3n Farmac\u00e9uticos Unidades de Pacientes Externos Illes Balears (FARUPEIB)<\/a> en el Lazareto de Menorca. 2 y 3 de junio. <a href=\"https:\/\/ebd.academia.cat\/files\/425-19789-DOCUMENT\/ProgramaDefinitivoJORNADASFARUPEIB2022amblogos.pdf\"><span class=\"css-901oao css-16my406 r-poiln3 r-bcqeeo r-qvutc0\">Programa e inscripciones\u00a0<\/span><\/a><\/li>\r\n<\/ul>[:]","_et_gb_content_width":"","_links_to":"","_links_to_target":""},"_links":{"self":[{"href":"https:\/\/saludglobal.umh.es\/en\/wp-json\/wp\/v2\/pages\/6562"}],"collection":[{"href":"https:\/\/saludglobal.umh.es\/en\/wp-json\/wp\/v2\/pages"}],"about":[{"href":"https:\/\/saludglobal.umh.es\/en\/wp-json\/wp\/v2\/types\/page"}],"author":[{"embeddable":true,"href":"https:\/\/saludglobal.umh.es\/en\/wp-json\/wp\/v2\/users\/3804"}],"replies":[{"embeddable":true,"href":"https:\/\/saludglobal.umh.es\/en\/wp-json\/wp\/v2\/comments?post=6562"}],"version-history":[{"count":0,"href":"https:\/\/saludglobal.umh.es\/en\/wp-json\/wp\/v2\/pages\/6562\/revisions"}],"wp:attachment":[{"href":"https:\/\/saludglobal.umh.es\/en\/wp-json\/wp\/v2\/media?parent=6562"}],"curies":[{"name":"wp","href":"https:\/\/api.w.org\/{rel}","templated":true}]}}